{"id":58,"date":"2025-05-14T05:09:44","date_gmt":"2025-05-14T05:09:44","guid":{"rendered":"https:\/\/ytpservice.fi\/?page_id=58"},"modified":"2025-05-23T05:08:43","modified_gmt":"2025-05-23T05:08:43","slug":"hinnasto","status":"publish","type":"page","link":"https:\/\/ytpservice.fi\/index.php\/hinnasto\/","title":{"rendered":"Korjaamon veloitusperusteet"},"content":{"rendered":"\n<figure class=\"wp-block-table\"><table class=\"has-fixed-layout\"><tbody><tr><td>TUNTIVELOITUS<\/td><td>86,00 \u20ac \/ h<\/td><\/tr><tr><td>VIKAKOODIENLUKU<\/td><td>42,00 \u20ac<\/td><\/tr><tr><td>S\u00c4HK\u00d6TY\u00d6T<\/td><td>86,00 \u20ac \/ h<\/td><\/tr><tr><td>VOIMANSIIRTOTY\u00d6T<\/td><td>86,00 \u20ac \/ h<\/td><\/tr><tr><td>ILMASTOINNIN HUOLTOTY\u00d6T<\/td><td>95,00 \u20ac \/ h<\/td><\/tr><tr><td>KATSASTUSTARKASTUS<\/td><td>48,00 \u20ac<\/td><\/tr><tr><td>KATSASTUS K\u00c4YTT\u00d6 + MAKSU<\/td><td>80,00 \u20ac<\/td><\/tr><tr><td>RENKAIDEN VAIHTO<\/td><td>35,00 \u20ac<\/td><\/tr><tr><td>RUOSTEVAURIOIDEN KORJAUS<\/td><td>95,00 \u20ac \/ h<\/td><\/tr><tr><td>ONGELMAJ\u00c4TEMAKSU<\/td><td>5,90 \u20ac<\/td><\/tr><tr><td>PIENTARVIKELIS\u00c4<\/td><td>5% t\u00f6ist\u00e4<\/td><\/tr><\/tbody><\/table><\/figure>\n","protected":false},"excerpt":{"rendered":"<p>TUNTIVELOITUS 86,00 \u20ac \/ h VIKAKOODIENLUKU 42,00 \u20ac S\u00c4HK\u00d6TY\u00d6T 86,00 \u20ac \/ h VOIMANSIIRTOTY\u00d6T 86,00 \u20ac \/ h ILMASTOINNIN HUOLTOTY\u00d6T 95,00 \u20ac \/ h KATSASTUSTARKASTUS 48,00 \u20ac KATSASTUS K\u00c4YTT\u00d6 + MAKSU 80,00 \u20ac RENKAIDEN VAIHTO 35,00 \u20ac RUOSTEVAURIOIDEN KORJAUS 95,00 \u20ac \/ h ONGELMAJ\u00c4TEMAKSU 5,90 \u20ac PIENTARVIKELIS\u00c4 5% t\u00f6ist\u00e4<\/p>\n","protected":false},"author":1,"featured_media":0,"parent":0,"menu_order":0,"comment_status":"closed","ping_status":"closed","template":"","meta":{"footnotes":""},"class_list":["post-58","page","type-page","status-publish","hentry"],"_links":{"self":[{"href":"https:\/\/ytpservice.fi\/index.php\/wp-json\/wp\/v2\/pages\/58","targetHints":{"allow":["GET"]}}],"collection":[{"href":"https:\/\/ytpservice.fi\/index.php\/wp-json\/wp\/v2\/pages"}],"about":[{"href":"https:\/\/ytpservice.fi\/index.php\/wp-json\/wp\/v2\/types\/page"}],"author":[{"embeddable":true,"href":"https:\/\/ytpservice.fi\/index.php\/wp-json\/wp\/v2\/users\/1"}],"replies":[{"embeddable":true,"href":"https:\/\/ytpservice.fi\/index.php\/wp-json\/wp\/v2\/comments?post=58"}],"version-history":[{"count":2,"href":"https:\/\/ytpservice.fi\/index.php\/wp-json\/wp\/v2\/pages\/58\/revisions"}],"predecessor-version":[{"id":62,"href":"https:\/\/ytpservice.fi\/index.php\/wp-json\/wp\/v2\/pages\/58\/revisions\/62"}],"wp:attachment":[{"href":"https:\/\/ytpservice.fi\/index.php\/wp-json\/wp\/v2\/media?parent=58"}],"curies":[{"name":"wp","href":"https:\/\/api.w.org\/{rel}","templated":true}]}}