{"id":37,"date":"2025-05-12T10:49:13","date_gmt":"2025-05-12T10:49:13","guid":{"rendered":"https:\/\/ytpservice.fi\/?page_id=37"},"modified":"2025-05-14T04:54:43","modified_gmt":"2025-05-14T04:54:43","slug":"yhteystiedot","status":"publish","type":"page","link":"https:\/\/ytpservice.fi\/index.php\/yhteystiedot\/","title":{"rendered":"Yhteystiedot"},"content":{"rendered":"\n<p class=\"has-large-font-size\">YTP Service Oy<\/p>\n\n\n\n<p><a href=\"https:\/\/www.google.com\/maps\/place\/\/data=!4m2!3m1!1s0x468e29e38b33a7a5:0x32344d47fdd78427?sa=X&amp;ved=1t:8290&amp;ictx=111\" target=\"_blank\" rel=\"noreferrer noopener\">Ilmarisentie 13, 15210 Lahti<\/a><\/p>\n\n\n\n<p><strong>Puhelinnumerot:<\/strong> <br><a href=\"tel:0400494118\">0400 494118<\/a> Yk\u00e4<br><a href=\"tel:0445644520\">044 5644 520 <\/a>Korjaamo<\/p>\n\n\n\n<p>S\u00e4hk\u00f6posti: <a href=\"mailto:fixuskorjaamo@ytpservice.fi\">fixuskorjaamo@ytpservice.fi<\/a><\/p>\n\n\n\n<p>Avoinna arkisin klo 8 .00- 16.00<\/p>\n\n\n\n<figure class=\"wp-block-image size-large\"><img loading=\"lazy\" decoding=\"async\" width=\"1024\" height=\"575\" src=\"https:\/\/ytpservice.fi\/wp-content\/uploads\/2025\/05\/IMG_3676-1024x575.jpg\" alt=\"\" class=\"wp-image-51\" srcset=\"https:\/\/ytpservice.fi\/wp-content\/uploads\/2025\/05\/IMG_3676-1024x575.jpg 1024w, https:\/\/ytpservice.fi\/wp-content\/uploads\/2025\/05\/IMG_3676-300x169.jpg 300w, https:\/\/ytpservice.fi\/wp-content\/uploads\/2025\/05\/IMG_3676-768x431.jpg 768w, https:\/\/ytpservice.fi\/wp-content\/uploads\/2025\/05\/IMG_3676-1536x863.jpg 1536w, https:\/\/ytpservice.fi\/wp-content\/uploads\/2025\/05\/IMG_3676-2048x1150.jpg 2048w\" sizes=\"auto, (max-width: 1024px) 100vw, 1024px\" \/><\/figure>\n","protected":false},"excerpt":{"rendered":"<p>YTP Service Oy Ilmarisentie 13, 15210 Lahti Puhelinnumerot: 0400 494118 Yk\u00e4044 5644 520 Korjaamo S\u00e4hk\u00f6posti: fixuskorjaamo@ytpservice.fi Avoinna arkisin klo 8 .00- 16.00<\/p>\n","protected":false},"author":1,"featured_media":0,"parent":0,"menu_order":0,"comment_status":"closed","ping_status":"closed","template":"","meta":{"footnotes":""},"class_list":["post-37","page","type-page","status-publish","hentry"],"_links":{"self":[{"href":"https:\/\/ytpservice.fi\/index.php\/wp-json\/wp\/v2\/pages\/37","targetHints":{"allow":["GET"]}}],"collection":[{"href":"https:\/\/ytpservice.fi\/index.php\/wp-json\/wp\/v2\/pages"}],"about":[{"href":"https:\/\/ytpservice.fi\/index.php\/wp-json\/wp\/v2\/types\/page"}],"author":[{"embeddable":true,"href":"https:\/\/ytpservice.fi\/index.php\/wp-json\/wp\/v2\/users\/1"}],"replies":[{"embeddable":true,"href":"https:\/\/ytpservice.fi\/index.php\/wp-json\/wp\/v2\/comments?post=37"}],"version-history":[{"count":7,"href":"https:\/\/ytpservice.fi\/index.php\/wp-json\/wp\/v2\/pages\/37\/revisions"}],"predecessor-version":[{"id":56,"href":"https:\/\/ytpservice.fi\/index.php\/wp-json\/wp\/v2\/pages\/37\/revisions\/56"}],"wp:attachment":[{"href":"https:\/\/ytpservice.fi\/index.php\/wp-json\/wp\/v2\/media?parent=37"}],"curies":[{"name":"wp","href":"https:\/\/api.w.org\/{rel}","templated":true}]}}